{"id":1000,"date":"2018-06-05T13:30:01","date_gmt":"2018-06-05T11:30:01","guid":{"rendered":"http:\/\/www.mpf-sound.es\/aviso-legal\/"},"modified":"2024-07-04T16:01:46","modified_gmt":"2024-07-04T14:01:46","slug":"legal-notice","status":"publish","type":"page","link":"https:\/\/www.mpf-sound.es\/en\/legal-notice\/","title":{"rendered":"Legal notice"},"content":{"rendered":"<p>[et_pb_section fb_built=&#8221;1&#8243; fullwidth=&#8221;on&#8221; custom_padding_last_edited=&#8221;off|phone&#8221; admin_label=&#8221;T\u00edtulo p\u00e1gina&#8221; _builder_version=&#8221;4.16&#8243; background_color=&#8221;#000000&#8243; background_blend=&#8221;darken&#8221; global_colors_info=&#8221;{}&#8221;][et_pb_fullwidth_header title=&#8221;Aviso legal&#8221; text_orientation=&#8221;center&#8221; admin_label=&#8221;Cabecera con t\u00edtulo&#8221; _builder_version=&#8221;4.16&#8243; title_font_size=&#8221;40px&#8221; subhead_font=&#8221;|600||on|||||&#8221; subhead_font_size=&#8221;20px&#8221; background_color=&#8221;rgba(0,0,0,0.55)&#8221; background_image=&#8221;https:\/\/www.mpf-sound.es\/wp-content\/uploads\/2018\/06\/mpf-sound-replicas-header.jpg&#8221; background_blend=&#8221;darken&#8221; custom_padding=&#8221;80px||80px|&#8221; custom_padding_tablet=&#8221;50px||50px|&#8221; custom_padding_phone=&#8221;20px||20px|&#8221; custom_padding_last_edited=&#8221;on|phone&#8221; global_colors_info=&#8221;{}&#8221; button_one_text_size__hover_enabled=&#8221;off&#8221; button_two_text_size__hover_enabled=&#8221;off&#8221; button_one_text_color__hover_enabled=&#8221;off&#8221; button_two_text_color__hover_enabled=&#8221;off&#8221; button_one_border_width__hover_enabled=&#8221;off&#8221; button_two_border_width__hover_enabled=&#8221;off&#8221; button_one_border_color__hover_enabled=&#8221;off&#8221; button_two_border_color__hover_enabled=&#8221;off&#8221; button_one_border_radius__hover_enabled=&#8221;off&#8221; button_two_border_radius__hover_enabled=&#8221;off&#8221; button_one_letter_spacing__hover_enabled=&#8221;off&#8221; button_two_letter_spacing__hover_enabled=&#8221;off&#8221; button_one_bg_color__hover_enabled=&#8221;off&#8221; button_two_bg_color__hover_enabled=&#8221;off&#8221;][\/et_pb_fullwidth_header][\/et_pb_section][et_pb_section fb_built=&#8221;1&#8243; _builder_version=&#8221;4.16&#8243; global_colors_info=&#8221;{}&#8221;][et_pb_row _builder_version=&#8221;4.16&#8243; background_size=&#8221;initial&#8221; background_position=&#8221;top_left&#8221; background_repeat=&#8221;repeat&#8221; global_colors_info=&#8221;{}&#8221;][et_pb_column type=&#8221;4_4&#8243; _builder_version=&#8221;4.16&#8243; custom_padding=&#8221;|||&#8221; global_colors_info=&#8221;{}&#8221; custom_padding__hover=&#8221;|||&#8221;][et_pb_text _builder_version=&#8221;4.16&#8243; global_colors_info=&#8221;{}&#8221;]<\/p>\n<h3>DATOS IDENTIFICATIVOS:<\/h3>\n<p>En cumplimiento con el deber de informaci\u00f3n recogido en art\u00edculo 10 de la Ley 34\/2002, de 11 de julio, de Servicios de la Sociedad de la Informaci\u00f3n y del Comercio Electr\u00f3nico, a continuaci\u00f3n se reflejan los siguientes datos:<\/p>\n<ul>\n<li>Titular de dominio web: <strong>Mario Punsola Fajardo<\/strong> (en adelante MPF-SOUND)<\/li>\n<li>Con domicilio:<strong> Calle navarra n\u00ba1, 08440 Cardedeu (Barcelona)<\/strong><\/li>\n<li>N.I.F.: <strong>ES38807679D<\/strong><\/li>\n<li>Correo electr\u00f3nico de contacto: <strong>info@mpf-sound.es<\/strong><\/li>\n<\/ul>\n<h3>USUARIOS:<\/h3>\n<p>El acceso y\/o uso de este portal de MPF-SOUND atribuye la condici\u00f3n de USUARIO, que acepta, desde dicho acceso y\/o uso, las Condiciones Generales de Uso aqu\u00ed reflejadas. Las citadas Condiciones ser\u00e1n de aplicaci\u00f3n independientemente de las Condiciones Generales de Contrataci\u00f3n que en su caso resulten de obligado cumplimiento.<\/p>\n<h3>USO DEL PORTAL:<\/h3>\n<p><a href=\"..\/\">www.mpf-sound.es<\/a> proporciona el acceso a multitud de informaciones, servicios, programas o datos (en adelante, \u201clos contenidos\u201d) en Internet pertenecientes a MPF-SOUND o a sus licenciantes a los que el USUARIO pueda tener acceso. El USUARIO asume la responsabilidad del uso del portal. Dicha responsabilidad se extiende al registro que fuese necesario para acceder a determinados servicios o contenidos. En dicho registro el USUARIO ser\u00e1 responsable de aportar informaci\u00f3n veraz y l\u00edcita. El USUARIO se compromete a hacer un uso adecuado de los contenidos y servicios que MPF-SOUND ofrece a trav\u00e9s de su portal y con car\u00e1cter enunciativo pero no limitativo, a no emplearlos para (I) incurrir en actividades il\u00edcitas, ilegales o contrarias a la buena fe y al orden p\u00fablico; (II) difundir contenidos o propaganda de car\u00e1cter racista, xen\u00f3fobo, pornogr\u00e1fico-ilegal, de apolog\u00eda del terrorismo o atentatorio contra los derechos humanos; (III) provocar da\u00f1os en los sistemas f\u00edsicos y l\u00f3gicos de MPF-SOUND, de sus proveedores o de terceras personas, introducir o difundir en la red virus inform\u00e1ticos o cualesquiera otros sistemas f\u00edsicos o l\u00f3gicos que sean susceptibles de provocar los da\u00f1os anteriormente mencionados; (iv) intentar acceder y, en su caso, utilizar las cuentas de correo electr\u00f3nico de otros usuarios y modificar o manipular sus mensajes.<\/p>\n<h3>PROPIEDAD INTELECTUAL E INDUSTRIAL:<\/h3>\n<p>Todos los derechos reservados. En virtud de lo dispuesto en los art\u00edculos 8 y 32.1, p\u00e1rrafo segundo, de la Ley de Propiedad Intelectual, quedan expresamente prohibidas la reproducci\u00f3n, la distribuci\u00f3n y la comunicaci\u00f3n p\u00fablica, incluida su modalidad de puesta a disposici\u00f3n, de la totalidad o parte de los contenidos de esta p\u00e1gina web, con fines comerciales, en cualquier soporte y por cualquier medio t\u00e9cnico, sin la autorizaci\u00f3n de MPF-SOUND. El USUARIO se compromete a respetar los derechos de Propiedad Intelectual e Industrial titularidad de MPF-SOUND. Podr\u00e1 visualizar los elementos del portal e incluso imprimirlos, copiarlos y almacenarlos en el disco duro de su ordenador o en cualquier otro soporte f\u00edsico siempre y cuando sea, \u00fanica y exclusivamente, para su uso personal y privado. El USUARIO deber\u00e1 abstenerse de suprimir, alterar, eludir o manipular cualquier dispositivo de protecci\u00f3n o sistema de seguridad que estuviera instalado en las p\u00e1ginas de MPF-SOUND.<\/p>\n<h3>EXCLUSI\u00d3N DE GARANT\u00cdAS Y RESPONSABILIDAD:<\/h3>\n<p>MPF-SOUND no se hace responsable, en ning\u00fan caso, de los da\u00f1os y perjuicios de cualquier naturaleza que pudieran ocasionar, a t\u00edtulo enunciativo: errores u omisiones en los contenidos, falta de disponibilidad del portal o la transmisi\u00f3n de virus o programas maliciosos o lesivos en los contenidos, a pesar de haber adoptado todas las medidas tecnol\u00f3gicas necesarias para evitarlo.<\/p>\n<h3>MODIFICACIONES:<\/h3>\n<p>MPF-SOUND se reserva el derecho de efectuar sin previo aviso las modificaciones que considere oportunas en su portal, pudiendo cambiar, suprimir o a\u00f1adir tanto los contenidos y servicios que se presten a trav\u00e9s de la misma como la forma en la que \u00e9stos aparezcan presentados o localizados en su portal.<\/p>\n<h3>ENLACES:<\/h3>\n<p>En el caso de que en nombre del dominio se dispusiesen enlaces o hiperv\u00ednculos hac\u00eda otros sitios de Internet, MPF-SOUND no ejercer\u00e1 ning\u00fan tipo de control sobre dichos sitios y contenidos. En ning\u00fan caso MPF-SOUND asumir\u00e1 responsabilidad alguna por los contenidos de alg\u00fan enlace perteneciente a un sitio web ajeno, ni garantizar\u00e1 la disponibilidad t\u00e9cnica, calidad, fiabilidad, exactitud, amplitud, veracidad, validez y constitucionalidad de cualquier material o informaci\u00f3n contenida en ninguno de dichos hiperv\u00ednculos u otros sitios de Internet. Igualmente la inclusi\u00f3n de estas conexiones externas no implicar\u00e1 ning\u00fan tipo de asociaci\u00f3n, fusi\u00f3n o participaci\u00f3n con las entidades conectadas.<\/p>\n<h3>DERECHO DE EXCLUSI\u00d3N:<\/h3>\n<p>MPF-SOUND se reserva el derecho a denegar o retirar el acceso a portal y\/o los servicios ofrecidos sin necesidad de preaviso, a instancia propia o de un tercero, a aquellos usuarios que incumplan las presentes Condiciones Generales de Uso.<\/p>\n<h3>GENERALIDADES:<\/h3>\n<p>MPF-SOUND perseguir\u00e1 el incumplimiento de las presentes condiciones as\u00ed como cualquier utilizaci\u00f3n indebida de su portal ejerciendo todas las acciones civiles y penales que le puedan corresponder en derecho.<\/p>\n<h3>MODIFICACI\u00d3N DE LAS PRESENTES CONDICIONES Y DURACI\u00d3N:<\/h3>\n<p>MPF-SOUND podr\u00e1 modificar en cualquier momento las condiciones aqu\u00ed determinadas, siendo debidamente publicadas como aqu\u00ed aparecen. La vigencia de las citadas condiciones ir\u00e1 en funci\u00f3n de su exposici\u00f3n y estar\u00e1n vigentes hasta que sean modificadas por otras debidamente publicadas.<\/p>\n<h3>LEGISLACI\u00d3N APLICABLE Y JURISDICCI\u00d3N:<\/h3>\n<p>La relaci\u00f3n entre MPF-SOUND y el USUARIO se regir\u00e1 por la normativa espa\u00f1ola vigente y cualquier controversia se someter\u00e1 a los Juzgados y tribunales de la ciudad de Barcelona.<br \/>\n[\/et_pb_text][\/et_pb_column][\/et_pb_row][\/et_pb_section]<\/p>\n","protected":false},"excerpt":{"rendered":"<p>DATOS IDENTIFICATIVOS: En cumplimiento con el deber de informaci\u00f3n recogido en art\u00edculo 10 de la Ley 34\/2002, de 11 de julio, de Servicios de la Sociedad de la Informaci\u00f3n y del Comercio Electr\u00f3nico, a continuaci\u00f3n se reflejan los siguientes datos: Titular de dominio web: Mario Punsola Fajardo (en adelante MPF-SOUND) Con domicilio: Calle navarra n\u00ba1, [&hellip;]<\/p>\n","protected":false},"author":19,"featured_media":0,"parent":0,"menu_order":0,"comment_status":"closed","ping_status":"closed","template":"","meta":{"_acf_changed":false,"_et_pb_use_builder":"on","_et_pb_old_content":"","_et_gb_content_width":"","footnotes":""},"class_list":["post-1000","page","type-page","status-publish","hentry"],"acf":[],"yoast_head":"<!-- This site is optimized with the Yoast SEO plugin v24.6 - https:\/\/yoast.com\/wordpress\/plugins\/seo\/ -->\n<title>Legal notice - MPF HANDWIRED AMPS<\/title>\n<meta name=\"robots\" content=\"index, follow, max-snippet:-1, max-image-preview:large, max-video-preview:-1\" \/>\n<link rel=\"canonical\" href=\"https:\/\/www.mpf-sound.es\/en\/legal-notice\/\" \/>\n<meta property=\"og:locale\" content=\"en_US\" \/>\n<meta property=\"og:type\" content=\"article\" \/>\n<meta property=\"og:title\" content=\"Legal notice - MPF HANDWIRED AMPS\" \/>\n<meta property=\"og:description\" content=\"DATOS IDENTIFICATIVOS: En cumplimiento con el deber de informaci\u00f3n recogido en art\u00edculo 10 de la Ley 34\/2002, de 11 de julio, de Servicios de la Sociedad de la Informaci\u00f3n y del Comercio Electr\u00f3nico, a continuaci\u00f3n se reflejan los siguientes datos: Titular de dominio web: Mario Punsola Fajardo (en adelante MPF-SOUND) Con domicilio: Calle navarra n\u00ba1, [&hellip;]\" \/>\n<meta property=\"og:url\" content=\"https:\/\/www.mpf-sound.es\/en\/legal-notice\/\" \/>\n<meta property=\"og:site_name\" content=\"MPF HANDWIRED AMPS\" \/>\n<meta property=\"article:publisher\" content=\"http:\/\/www.facebook.com\/Mpf-sound-278699992225835\/\" \/>\n<meta property=\"article:modified_time\" content=\"2024-07-04T14:01:46+00:00\" \/>\n<meta name=\"twitter:card\" content=\"summary_large_image\" \/>\n<meta name=\"twitter:label1\" content=\"Est. reading time\" \/>\n\t<meta name=\"twitter:data1\" content=\"4 minutes\" \/>\n<script type=\"application\/ld+json\" class=\"yoast-schema-graph\">{\"@context\":\"https:\/\/schema.org\",\"@graph\":[{\"@type\":\"WebPage\",\"@id\":\"https:\/\/www.mpf-sound.es\/en\/legal-notice\/\",\"url\":\"https:\/\/www.mpf-sound.es\/en\/legal-notice\/\",\"name\":\"Legal notice - MPF HANDWIRED AMPS\",\"isPartOf\":{\"@id\":\"https:\/\/www.mpf-sound.es\/en\/#website\"},\"datePublished\":\"2018-06-05T11:30:01+00:00\",\"dateModified\":\"2024-07-04T14:01:46+00:00\",\"breadcrumb\":{\"@id\":\"https:\/\/www.mpf-sound.es\/en\/legal-notice\/#breadcrumb\"},\"inLanguage\":\"en-US\",\"potentialAction\":[{\"@type\":\"ReadAction\",\"target\":[\"https:\/\/www.mpf-sound.es\/en\/legal-notice\/\"]}]},{\"@type\":\"BreadcrumbList\",\"@id\":\"https:\/\/www.mpf-sound.es\/en\/legal-notice\/#breadcrumb\",\"itemListElement\":[{\"@type\":\"ListItem\",\"position\":1,\"name\":\"Home\",\"item\":\"https:\/\/www.mpf-sound.es\/en\/\"},{\"@type\":\"ListItem\",\"position\":2,\"name\":\"Legal notice\"}]},{\"@type\":\"WebSite\",\"@id\":\"https:\/\/www.mpf-sound.es\/en\/#website\",\"url\":\"https:\/\/www.mpf-sound.es\/en\/\",\"name\":\"MPF HANDWIRED AMPS\",\"description\":\"Amplificadores &quot;Boutique&quot; hechos 100% a mano para satisfacer a los m\u00fasicos m\u00e1s exigentes\",\"potentialAction\":[{\"@type\":\"SearchAction\",\"target\":{\"@type\":\"EntryPoint\",\"urlTemplate\":\"https:\/\/www.mpf-sound.es\/en\/?s={search_term_string}\"},\"query-input\":{\"@type\":\"PropertyValueSpecification\",\"valueRequired\":true,\"valueName\":\"search_term_string\"}}],\"inLanguage\":\"en-US\"}]}<\/script>\n<!-- \/ Yoast SEO plugin. -->","yoast_head_json":{"title":"Legal notice - MPF HANDWIRED AMPS","robots":{"index":"index","follow":"follow","max-snippet":"max-snippet:-1","max-image-preview":"max-image-preview:large","max-video-preview":"max-video-preview:-1"},"canonical":"https:\/\/www.mpf-sound.es\/en\/legal-notice\/","og_locale":"en_US","og_type":"article","og_title":"Legal notice - MPF HANDWIRED AMPS","og_description":"DATOS IDENTIFICATIVOS: En cumplimiento con el deber de informaci\u00f3n recogido en art\u00edculo 10 de la Ley 34\/2002, de 11 de julio, de Servicios de la Sociedad de la Informaci\u00f3n y del Comercio Electr\u00f3nico, a continuaci\u00f3n se reflejan los siguientes datos: Titular de dominio web: Mario Punsola Fajardo (en adelante MPF-SOUND) Con domicilio: Calle navarra n\u00ba1, [&hellip;]","og_url":"https:\/\/www.mpf-sound.es\/en\/legal-notice\/","og_site_name":"MPF HANDWIRED AMPS","article_publisher":"http:\/\/www.facebook.com\/Mpf-sound-278699992225835\/","article_modified_time":"2024-07-04T14:01:46+00:00","twitter_card":"summary_large_image","twitter_misc":{"Est. reading time":"4 minutes"},"schema":{"@context":"https:\/\/schema.org","@graph":[{"@type":"WebPage","@id":"https:\/\/www.mpf-sound.es\/en\/legal-notice\/","url":"https:\/\/www.mpf-sound.es\/en\/legal-notice\/","name":"Legal notice - MPF HANDWIRED AMPS","isPartOf":{"@id":"https:\/\/www.mpf-sound.es\/en\/#website"},"datePublished":"2018-06-05T11:30:01+00:00","dateModified":"2024-07-04T14:01:46+00:00","breadcrumb":{"@id":"https:\/\/www.mpf-sound.es\/en\/legal-notice\/#breadcrumb"},"inLanguage":"en-US","potentialAction":[{"@type":"ReadAction","target":["https:\/\/www.mpf-sound.es\/en\/legal-notice\/"]}]},{"@type":"BreadcrumbList","@id":"https:\/\/www.mpf-sound.es\/en\/legal-notice\/#breadcrumb","itemListElement":[{"@type":"ListItem","position":1,"name":"Home","item":"https:\/\/www.mpf-sound.es\/en\/"},{"@type":"ListItem","position":2,"name":"Legal notice"}]},{"@type":"WebSite","@id":"https:\/\/www.mpf-sound.es\/en\/#website","url":"https:\/\/www.mpf-sound.es\/en\/","name":"MPF HANDWIRED AMPS","description":"Amplificadores &quot;Boutique&quot; hechos 100% a mano para satisfacer a los m\u00fasicos m\u00e1s exigentes","potentialAction":[{"@type":"SearchAction","target":{"@type":"EntryPoint","urlTemplate":"https:\/\/www.mpf-sound.es\/en\/?s={search_term_string}"},"query-input":{"@type":"PropertyValueSpecification","valueRequired":true,"valueName":"search_term_string"}}],"inLanguage":"en-US"}]}},"_links":{"self":[{"href":"https:\/\/www.mpf-sound.es\/en\/wp-json\/wp\/v2\/pages\/1000","targetHints":{"allow":["GET"]}}],"collection":[{"href":"https:\/\/www.mpf-sound.es\/en\/wp-json\/wp\/v2\/pages"}],"about":[{"href":"https:\/\/www.mpf-sound.es\/en\/wp-json\/wp\/v2\/types\/page"}],"author":[{"embeddable":true,"href":"https:\/\/www.mpf-sound.es\/en\/wp-json\/wp\/v2\/users\/19"}],"replies":[{"embeddable":true,"href":"https:\/\/www.mpf-sound.es\/en\/wp-json\/wp\/v2\/comments?post=1000"}],"version-history":[{"count":4,"href":"https:\/\/www.mpf-sound.es\/en\/wp-json\/wp\/v2\/pages\/1000\/revisions"}],"predecessor-version":[{"id":2864,"href":"https:\/\/www.mpf-sound.es\/en\/wp-json\/wp\/v2\/pages\/1000\/revisions\/2864"}],"wp:attachment":[{"href":"https:\/\/www.mpf-sound.es\/en\/wp-json\/wp\/v2\/media?parent=1000"}],"curies":[{"name":"wp","href":"https:\/\/api.w.org\/{rel}","templated":true}]}}