{"id":998,"date":"2018-06-05T13:29:46","date_gmt":"2018-06-05T11:29:46","guid":{"rendered":"http:\/\/www.mpf-sound.es\/cookies\/"},"modified":"2024-07-04T16:01:55","modified_gmt":"2024-07-04T14:01:55","slug":"cookies","status":"publish","type":"page","link":"https:\/\/www.mpf-sound.es\/en\/cookies\/","title":{"rendered":"Cookies"},"content":{"rendered":"<p>[et_pb_section fb_built=&#8221;1&#8243; fullwidth=&#8221;on&#8221; custom_padding_last_edited=&#8221;off|phone&#8221; admin_label=&#8221;T\u00edtulo p\u00e1gina&#8221; _builder_version=&#8221;4.16&#8243; background_color=&#8221;#000000&#8243; background_blend=&#8221;darken&#8221; global_colors_info=&#8221;{}&#8221;][et_pb_fullwidth_header title=&#8221;Cookies&#8221; text_orientation=&#8221;center&#8221; admin_label=&#8221;Cabecera con t\u00edtulo&#8221; _builder_version=&#8221;4.16&#8243; title_font_size=&#8221;40px&#8221; subhead_font=&#8221;|600||on|||||&#8221; subhead_font_size=&#8221;20px&#8221; background_color=&#8221;rgba(0,0,0,0.55)&#8221; background_image=&#8221;https:\/\/www.mpf-sound.es\/wp-content\/uploads\/2018\/06\/mpf-sound-replicas-header.jpg&#8221; background_blend=&#8221;darken&#8221; custom_padding=&#8221;80px||80px|&#8221; custom_padding_tablet=&#8221;50px||50px|&#8221; custom_padding_phone=&#8221;20px||20px|&#8221; custom_padding_last_edited=&#8221;on|phone&#8221; global_colors_info=&#8221;{}&#8221; button_one_text_size__hover_enabled=&#8221;off&#8221; button_two_text_size__hover_enabled=&#8221;off&#8221; button_one_text_color__hover_enabled=&#8221;off&#8221; button_two_text_color__hover_enabled=&#8221;off&#8221; button_one_border_width__hover_enabled=&#8221;off&#8221; button_two_border_width__hover_enabled=&#8221;off&#8221; button_one_border_color__hover_enabled=&#8221;off&#8221; button_two_border_color__hover_enabled=&#8221;off&#8221; button_one_border_radius__hover_enabled=&#8221;off&#8221; button_two_border_radius__hover_enabled=&#8221;off&#8221; button_one_letter_spacing__hover_enabled=&#8221;off&#8221; button_two_letter_spacing__hover_enabled=&#8221;off&#8221; button_one_bg_color__hover_enabled=&#8221;off&#8221; button_two_bg_color__hover_enabled=&#8221;off&#8221;][\/et_pb_fullwidth_header][\/et_pb_section][et_pb_section fb_built=&#8221;1&#8243; _builder_version=&#8221;4.16&#8243; global_colors_info=&#8221;{}&#8221;][et_pb_row _builder_version=&#8221;4.16&#8243; background_size=&#8221;initial&#8221; background_position=&#8221;top_left&#8221; background_repeat=&#8221;repeat&#8221; global_colors_info=&#8221;{}&#8221;][et_pb_column type=&#8221;4_4&#8243; _builder_version=&#8221;4.16&#8243; custom_padding=&#8221;|||&#8221; global_colors_info=&#8221;{}&#8221; custom_padding__hover=&#8221;|||&#8221;][et_pb_text _builder_version=&#8221;4.16&#8243; global_colors_info=&#8221;{}&#8221;]<\/p>\n<h3>\u00bfQu\u00e9 son las cookies y por qu\u00e9 las utilizamos en la web?<\/h3>\n<p>Una cookie es un fichero que se descarga en el dispositivo del usuario al acceder a determinadas p\u00e1ginas web para almacenar y recuperar informaci\u00f3n sobre la navegaci\u00f3n que se efect\u00faa desde dicho equipo.<\/p>\n<p>Las cookies permiten a dicha web, entre otras cosas, almacenar y recuperar informaci\u00f3n sobre las decisiones y h\u00e1bitos del usuario.<\/p>\n<p>Es importante destacar que el uso de cookies no proporciona datos personales del usuario.<\/p>\n<h3>\u00bfQu\u00e9 tipo de cookies utiliza la web?<\/h3>\n<p>Las cookies, en funci\u00f3n del tiempo que permanecen activadas, pueden dividirse en cookies de sesi\u00f3n o permanentes. El \u00fanico tipo de cookies que utiliza la presente web son:<\/p>\n<ul>\n<li><strong><u>Cookies de sesi\u00f3n:\u00a0<\/u><\/strong><u>Dise\u00f1adas para recabar y almacenar datos mientras el usuario accede a la p\u00e1gina web. Se suelen emplear para almacenar informaci\u00f3n que solo interesa, conservar para la prestaci\u00f3n del servicio solicitado por el usuario en una sola ocasi\u00f3n (p.e. una lista de productos adquiridos).<\/u><\/li>\n<li><strong><u>Cookies persistentes<\/u><\/strong><u>: Son un tipo de cookies en el que los datos siguen almacenados en el terminal y pueden ser accedidos y tratados durante un periodo definido por el responsable de la cookie, y que puede ir de unos minutos a varios a\u00f1os.<\/u><\/li>\n<\/ul>\n<p>Por \u00faltimo, en cuanto a la finalidad, el tipo de cookies que utiliza la web son:<\/p>\n<ul>\n<li><strong>Cookies t\u00e9cnicas:\u00a0<\/strong>permiten al usuario la navegaci\u00f3n a trav\u00e9s de una p\u00e1gina web, plataforma o aplicaci\u00f3n y la utilizaci\u00f3n de las diferentes opciones o servicios que en ella existan como, por ejemplo, controlar el tr\u00e1fico y la comunicaci\u00f3n de datos, identificar la sesi\u00f3n, acceder a partes de acceso restringido, recordar los elementos que integran un pedido, realizar el proceso de compra de un pedido, realizar la solicitud de inscripci\u00f3n o participaci\u00f3n en un evento, utilizar elementos de seguridad durante la navegaci\u00f3n, almacenar contenidos para la difusi\u00f3n de videos o sonido o compartir contenidos a trav\u00e9s de redes sociales.<\/li>\n<li><strong>Cookies de an\u00e1lisis:\u00a0<\/strong>Aqu\u00e9llas que permiten al responsable de las mismas, el seguimiento y an\u00e1lisis del comportamiento de los usuarios de los sitios web a los que est\u00e1n vinculadas. La informaci\u00f3n recogida mediante este tipo de cookies se utiliza con el objetivo de analizar la procedencia del tr\u00e1fico que llega a la web, analizar y estudiar dichos datos para poderlos aplicar y tener un mejor posicionamiento, y recopilar algunos datos de navegaci\u00f3n o campos rellenados por el mismo usuario.<\/li>\n<\/ul>\n<p>As\u00ed mismo, existen las cookies de an\u00e1lisis estad\u00edstico que son un tipo de cookies que no permiten identificarle ya que no almacenan datos de car\u00e1cter personal. Cabe se\u00f1alar que, el sitio web utiliza cookies de\u00a0<em>Google Analytics<\/em>, herramienta que ayuda a los propietarios de sitios web a medir c\u00f3mo interact\u00faan los usuarios con el contenido del sitio. Cuando un usuario navega por el sitio web, Google Analytics proporciona al propietario de dicho sitio etiquetas JavaScript (bibliotecas) para registrar la informaci\u00f3n sobre la p\u00e1gina que ha visto un usuario; por ejemplo, la URL de la p\u00e1gina. Las bibliotecas JavaScript de Google Analytics usan cookies HTTP para memorizar lo que ha hecho un usuario en p\u00e1ginas o en interacciones con el sitio web anterior. Concretamente, son las siguientes cookies las que utiliza la web:<\/p>\n<ul>\n<li><strong>__utma<\/strong>: Se usa para distinguir usuarios y sesiones. La cookie se crea cuando se ejecuta la biblioteca JavaScript y no hay ninguna cookie __utma. La cookie se actualiza cada vez que se env\u00edan datos a Google Analytics.<\/li>\n<li><strong>__utmt<\/strong>: Se utiliza para limitar el porcentaje de solicitudes.<\/li>\n<li><strong>__utmb<\/strong>: Se usa para determinar nuevas sesiones o visitas. La cookie se crea cuando se ejecuta la biblioteca JavaScript y no hay ninguna cookie __utmb. La cookie se actualiza cada vez que se env\u00edan datos a Google Analytics.<\/li>\n<li><strong>__utmc<\/strong>: No se usa en ga.js. Se configura para interactuar con urchin.js. Anteriormente, esta cookie actuaba junto con la cookie __utmb para determinar si el usuario estaba en una nueva sesi\u00f3n o visita.<\/li>\n<li><strong>__utmz<\/strong>: Almacena la fuente de tr\u00e1fico o la campa\u00f1a que explica c\u00f3mo ha llegado el usuario al sitio. La cookie se crea cuando se ejecuta la biblioteca JavaScript y se actualiza cada vez que se env\u00edan datos a Google Analytics.<\/li>\n<\/ul>\n<h3>\u00bfC\u00f3mo deshabilitar las cookies en el navegador?<\/h3>\n<p>El usuario puede configurar su navegador para no aceptar el uso de cookies, en cuyo caso la personalizaci\u00f3n de la experiencia no se aplicar\u00eda. Si se selecciona este tipo de configuraci\u00f3n puede que no se pueda acceder a ciertas partes del sitio web, ya que puede causar una navegaci\u00f3n menos eficaz.<\/p>\n<p>La mayor\u00eda de navegadores actualmente permiten al usuario configurar si desean aceptar cookies y cu\u00e1les de ellas. Estos ajustes normalmente se encuentran en las \u2018opciones\u2019 o \u2018Preferencias\u2019 del men\u00fa de su navegador.<\/p>\n<p>Estas son las instrucciones para configurar las cookies en los principales navegadores:<\/p>\n<p>Chrome: Configuraci\u00f3n -&gt; Mostrar opciones avanzadas -&gt; Privacidad -&gt; Configuraci\u00f3n de contenido. Para m\u00e1s informaci\u00f3n, puede consultar el soporte de Google o la Ayuda del navegador.<\/p>\n<p>Firefox: Herramientas -&gt; Opciones -&gt; Privacidad -&gt; Historial -&gt; Configuraci\u00f3n Personalizada. Para m\u00e1s informaci\u00f3n, puede consultar el soporte de Mozilla o la Ayuda del navegador.<\/p>\n<p>Internet Explorer: Herramientas -&gt; Opciones de Internet -&gt; Privacidad -&gt; Configuraci\u00f3n. Para m\u00e1s informaci\u00f3n, puede consultar el soporte de Microsoft o la Ayuda del navegador.<\/p>\n<p>Safari: Preferencias -&gt; Seguridad. Para m\u00e1s informaci\u00f3n, puede consultar el soporte de Apple o la Ayuda del navegador.<\/p>\n<h3>Informaci\u00f3n adicional<\/h3>\n<p>Para una mayor informaci\u00f3n sobre el uso de las cookies y c\u00f3mo bloquearlas, accede a www.allaboutcookies.org, www.youronlinechoices.eu. Si tienes cualquier pregunta o comentario sobre nuestro uso de cookies, por favor contacte con nosotros en <a href=\"mailto:info@mpf-sound.es\">info@mpf-sound.es.<\/a><br \/>\n[\/et_pb_text][\/et_pb_column][\/et_pb_row][\/et_pb_section]<\/p>\n","protected":false},"excerpt":{"rendered":"<p>\u00bfQu\u00e9 son las cookies y por qu\u00e9 las utilizamos en la web? Una cookie es un fichero que se descarga en el dispositivo del usuario al acceder a determinadas p\u00e1ginas web para almacenar y recuperar informaci\u00f3n sobre la navegaci\u00f3n que se efect\u00faa desde dicho equipo. Las cookies permiten a dicha web, entre otras cosas, almacenar [&hellip;]<\/p>\n","protected":false},"author":19,"featured_media":0,"parent":0,"menu_order":0,"comment_status":"closed","ping_status":"closed","template":"","meta":{"_acf_changed":false,"_et_pb_use_builder":"on","_et_pb_old_content":"","_et_gb_content_width":"","footnotes":""},"class_list":["post-998","page","type-page","status-publish","hentry"],"acf":[],"yoast_head":"<!-- This site is optimized with the Yoast SEO plugin v24.6 - https:\/\/yoast.com\/wordpress\/plugins\/seo\/ -->\n<title>Cookies - MPF HANDWIRED AMPS<\/title>\n<meta name=\"robots\" content=\"index, follow, max-snippet:-1, max-image-preview:large, max-video-preview:-1\" \/>\n<link rel=\"canonical\" href=\"https:\/\/www.mpf-sound.es\/en\/cookies\/\" \/>\n<meta property=\"og:locale\" content=\"en_US\" \/>\n<meta property=\"og:type\" content=\"article\" \/>\n<meta property=\"og:title\" content=\"Cookies - MPF HANDWIRED AMPS\" \/>\n<meta property=\"og:description\" content=\"\u00bfQu\u00e9 son las cookies y por qu\u00e9 las utilizamos en la web? Una cookie es un fichero que se descarga en el dispositivo del usuario al acceder a determinadas p\u00e1ginas web para almacenar y recuperar informaci\u00f3n sobre la navegaci\u00f3n que se efect\u00faa desde dicho equipo. Las cookies permiten a dicha web, entre otras cosas, almacenar [&hellip;]\" \/>\n<meta property=\"og:url\" content=\"https:\/\/www.mpf-sound.es\/en\/cookies\/\" \/>\n<meta property=\"og:site_name\" content=\"MPF HANDWIRED AMPS\" \/>\n<meta property=\"article:publisher\" content=\"http:\/\/www.facebook.com\/Mpf-sound-278699992225835\/\" \/>\n<meta property=\"article:modified_time\" content=\"2024-07-04T14:01:55+00:00\" \/>\n<meta name=\"twitter:card\" content=\"summary_large_image\" \/>\n<meta name=\"twitter:label1\" content=\"Est. reading time\" \/>\n\t<meta name=\"twitter:data1\" content=\"5 minutes\" \/>\n<script type=\"application\/ld+json\" class=\"yoast-schema-graph\">{\"@context\":\"https:\/\/schema.org\",\"@graph\":[{\"@type\":\"WebPage\",\"@id\":\"https:\/\/www.mpf-sound.es\/en\/cookies\/\",\"url\":\"https:\/\/www.mpf-sound.es\/en\/cookies\/\",\"name\":\"Cookies - MPF HANDWIRED AMPS\",\"isPartOf\":{\"@id\":\"https:\/\/www.mpf-sound.es\/en\/#website\"},\"datePublished\":\"2018-06-05T11:29:46+00:00\",\"dateModified\":\"2024-07-04T14:01:55+00:00\",\"breadcrumb\":{\"@id\":\"https:\/\/www.mpf-sound.es\/en\/cookies\/#breadcrumb\"},\"inLanguage\":\"en-US\",\"potentialAction\":[{\"@type\":\"ReadAction\",\"target\":[\"https:\/\/www.mpf-sound.es\/en\/cookies\/\"]}]},{\"@type\":\"BreadcrumbList\",\"@id\":\"https:\/\/www.mpf-sound.es\/en\/cookies\/#breadcrumb\",\"itemListElement\":[{\"@type\":\"ListItem\",\"position\":1,\"name\":\"Home\",\"item\":\"https:\/\/www.mpf-sound.es\/en\/\"},{\"@type\":\"ListItem\",\"position\":2,\"name\":\"Cookies\"}]},{\"@type\":\"WebSite\",\"@id\":\"https:\/\/www.mpf-sound.es\/en\/#website\",\"url\":\"https:\/\/www.mpf-sound.es\/en\/\",\"name\":\"MPF HANDWIRED AMPS\",\"description\":\"Amplificadores &quot;Boutique&quot; hechos 100% a mano para satisfacer a los m\u00fasicos m\u00e1s exigentes\",\"potentialAction\":[{\"@type\":\"SearchAction\",\"target\":{\"@type\":\"EntryPoint\",\"urlTemplate\":\"https:\/\/www.mpf-sound.es\/en\/?s={search_term_string}\"},\"query-input\":{\"@type\":\"PropertyValueSpecification\",\"valueRequired\":true,\"valueName\":\"search_term_string\"}}],\"inLanguage\":\"en-US\"}]}<\/script>\n<!-- \/ Yoast SEO plugin. -->","yoast_head_json":{"title":"Cookies - MPF HANDWIRED AMPS","robots":{"index":"index","follow":"follow","max-snippet":"max-snippet:-1","max-image-preview":"max-image-preview:large","max-video-preview":"max-video-preview:-1"},"canonical":"https:\/\/www.mpf-sound.es\/en\/cookies\/","og_locale":"en_US","og_type":"article","og_title":"Cookies - MPF HANDWIRED AMPS","og_description":"\u00bfQu\u00e9 son las cookies y por qu\u00e9 las utilizamos en la web? Una cookie es un fichero que se descarga en el dispositivo del usuario al acceder a determinadas p\u00e1ginas web para almacenar y recuperar informaci\u00f3n sobre la navegaci\u00f3n que se efect\u00faa desde dicho equipo. Las cookies permiten a dicha web, entre otras cosas, almacenar [&hellip;]","og_url":"https:\/\/www.mpf-sound.es\/en\/cookies\/","og_site_name":"MPF HANDWIRED AMPS","article_publisher":"http:\/\/www.facebook.com\/Mpf-sound-278699992225835\/","article_modified_time":"2024-07-04T14:01:55+00:00","twitter_card":"summary_large_image","twitter_misc":{"Est. reading time":"5 minutes"},"schema":{"@context":"https:\/\/schema.org","@graph":[{"@type":"WebPage","@id":"https:\/\/www.mpf-sound.es\/en\/cookies\/","url":"https:\/\/www.mpf-sound.es\/en\/cookies\/","name":"Cookies - MPF HANDWIRED AMPS","isPartOf":{"@id":"https:\/\/www.mpf-sound.es\/en\/#website"},"datePublished":"2018-06-05T11:29:46+00:00","dateModified":"2024-07-04T14:01:55+00:00","breadcrumb":{"@id":"https:\/\/www.mpf-sound.es\/en\/cookies\/#breadcrumb"},"inLanguage":"en-US","potentialAction":[{"@type":"ReadAction","target":["https:\/\/www.mpf-sound.es\/en\/cookies\/"]}]},{"@type":"BreadcrumbList","@id":"https:\/\/www.mpf-sound.es\/en\/cookies\/#breadcrumb","itemListElement":[{"@type":"ListItem","position":1,"name":"Home","item":"https:\/\/www.mpf-sound.es\/en\/"},{"@type":"ListItem","position":2,"name":"Cookies"}]},{"@type":"WebSite","@id":"https:\/\/www.mpf-sound.es\/en\/#website","url":"https:\/\/www.mpf-sound.es\/en\/","name":"MPF HANDWIRED AMPS","description":"Amplificadores &quot;Boutique&quot; hechos 100% a mano para satisfacer a los m\u00fasicos m\u00e1s exigentes","potentialAction":[{"@type":"SearchAction","target":{"@type":"EntryPoint","urlTemplate":"https:\/\/www.mpf-sound.es\/en\/?s={search_term_string}"},"query-input":{"@type":"PropertyValueSpecification","valueRequired":true,"valueName":"search_term_string"}}],"inLanguage":"en-US"}]}},"_links":{"self":[{"href":"https:\/\/www.mpf-sound.es\/en\/wp-json\/wp\/v2\/pages\/998","targetHints":{"allow":["GET"]}}],"collection":[{"href":"https:\/\/www.mpf-sound.es\/en\/wp-json\/wp\/v2\/pages"}],"about":[{"href":"https:\/\/www.mpf-sound.es\/en\/wp-json\/wp\/v2\/types\/page"}],"author":[{"embeddable":true,"href":"https:\/\/www.mpf-sound.es\/en\/wp-json\/wp\/v2\/users\/19"}],"replies":[{"embeddable":true,"href":"https:\/\/www.mpf-sound.es\/en\/wp-json\/wp\/v2\/comments?post=998"}],"version-history":[{"count":3,"href":"https:\/\/www.mpf-sound.es\/en\/wp-json\/wp\/v2\/pages\/998\/revisions"}],"predecessor-version":[{"id":2865,"href":"https:\/\/www.mpf-sound.es\/en\/wp-json\/wp\/v2\/pages\/998\/revisions\/2865"}],"wp:attachment":[{"href":"https:\/\/www.mpf-sound.es\/en\/wp-json\/wp\/v2\/media?parent=998"}],"curies":[{"name":"wp","href":"https:\/\/api.w.org\/{rel}","templated":true}]}}